{"id":29216,"date":"2022-09-15T03:57:21","date_gmt":"2022-09-15T03:57:21","guid":{"rendered":"https:\/\/vournelis.gr\/\/kavala\/"},"modified":"2026-02-02T21:50:20","modified_gmt":"2026-02-02T21:50:20","slug":"kavala","status":"publish","type":"page","link":"https:\/\/vournelis.gr\/de\/kavala\/","title":{"rendered":"Kavala"},"content":{"rendered":"\t\t<div data-elementor-type=\"wp-page\" data-elementor-id=\"29216\" class=\"elementor elementor-29216 elementor-1374\" data-elementor-post-type=\"page\">\n\t\t\t\t        <section class=\"elementor-section elementor-top-section elementor-element elementor-element-152c843 elementor-section-boxed elementor-section-height-default elementor-section-height-default pxl-section-static-pos-no pxl-section-overflow-hidden-no pxl-container-margin-auto-no\" data-id=\"152c843\" data-element_type=\"section\" data-e-type=\"section\" data-settings=\"{&quot;background_background&quot;:&quot;classic&quot;}\">\n\n                \n                <div class=\"elementor-container elementor-column-gap-default \">\n                <div class=\"elementor-column elementor-col-100 elementor-top-column elementor-element elementor-element-81cb56b col-offset-none pxl-column-element-default pxl-column-overflow-hidden-no\" data-id=\"81cb56b\" data-element_type=\"column\" data-e-type=\"column\">\r\n        <div class=\"elementor-widget-wrap elementor-element-populated\">\r\n                    \t\t<div class=\"elementor-element elementor-element-31b9420 elementor-invisible pxl-elementor-animate elementor-widget elementor-widget-pxl_heading\" data-id=\"31b9420\" data-element_type=\"widget\" data-e-type=\"widget\" data-settings=\"{&quot;_animation&quot;:&quot;fadeInDown&quot;}\" data-widget_type=\"pxl_heading.default\">\n\t\t\t\t<div class=\"elementor-widget-container\">\n\t\t\t\t\t<div class=\"pxl-heading-wrap d-flex\">\n    <div class=\"pxl-heading-inner center \">\n                    <div class=\"heading-subtitle divider-both\">\n                <div class=\"subtitle-text \">Sehensw\u00fcrdigkeiten und Gastronomie<\/div>\n            <\/div>\n                <h2 class=\"heading-title\">\n                        Entdecken Sie die Sch\u00f6nheiten von Kavala         <\/h2>\n            <\/div>\n<\/div>\n\n\t\t\t\t<\/div>\n\t\t\t\t<\/div>\n\t\t\t\t<div class=\"elementor-element elementor-element-d71a076 elementor-invisible pxl-elementor-animate elementor-widget elementor-widget-pxl_heading\" data-id=\"d71a076\" data-element_type=\"widget\" data-e-type=\"widget\" data-settings=\"{&quot;_animation&quot;:&quot;fadeInUp&quot;}\" data-widget_type=\"pxl_heading.default\">\n\t\t\t\t<div class=\"elementor-widget-container\">\n\t\t\t\t\t<div class=\"pxl-heading-wrap d-flex\">\n    <div class=\"pxl-heading-inner center \">\n                <h4 class=\"heading-title\">\n                        Kavala ist ein idealer Ort f\u00fcr diejenigen, die eine Mischung aus Geschichte, nat\u00fcrlicher Sch\u00f6nheit und Kultur suchen. Die Stadt, die amphitheatralisch an den H\u00e4ngen am \u00c4g\u00e4ischen Meer gebaut ist, bietet den Besuchern einzigartige Erlebnisse. Die engen Gassen, die traditionellen makedonischen Geb\u00e4ude und der Blick auf das Meer schaffen eine zauberhafte Kulisse.         <\/h4>\n            <\/div>\n<\/div>\n\n\t\t\t\t<\/div>\n\t\t\t\t<\/div>\n\t\t\t\t<div class=\"elementor-element elementor-element-802999a elementor-invisible pxl-elementor-animate elementor-widget elementor-widget-pxl_text_editor\" data-id=\"802999a\" data-element_type=\"widget\" data-e-type=\"widget\" data-settings=\"{&quot;_animation&quot;:&quot;fadeInUp&quot;}\" data-widget_type=\"pxl_text_editor.default\">\n\t\t\t\t<div class=\"elementor-widget-container\">\n\t\t\t\t\t<div id=\"pxl_text_editor-802999a-6801\" class=\"pxl-text-editor-wrap d-flex \" >\n\t<div class=\"pxl-text-editor elementor-clearfix\">\n\t\t<p>Eines der bekanntesten Wahrzeichen von Kavala ist die Burg, die \u00fcber der Stadt thront und einen Panoramaausblick auf das \u00c4g\u00e4ische Meer bietet. Die Kammern, das beeindruckende mittelalterliche Aqu\u00e4dukt, sind ebenfalls ein bedeutendes Monument, das die Geschichte und Architektur der Region widerspiegelt. Die arch\u00e4ologischen St\u00e4tten von Philippi, die in der N\u00e4he von Kavala liegen, umfassen das antike Theater und das r\u00f6mische Forum und bieten einen Einblick in die antike griechische und r\u00f6mische Geschichte.<\/p>\t\t\n\t<\/div>\n<\/div>\t\t\t\t<\/div>\n\t\t\t\t<\/div>\n\t\t                    <\/div>\r\n        <\/div>\r\n        \t\t\t<\/div>\n\t\t<\/section>\n\t\t        <section class=\"elementor-section elementor-top-section elementor-element elementor-element-0a51d3d elementor-section-full_width elementor-section-height-default elementor-section-height-default pxl-section-offset-none pxl-section-static-pos-no pxl-section-overflow-hidden-no pxl-container-margin-auto-no\" data-id=\"0a51d3d\" data-element_type=\"section\" data-e-type=\"section\" data-settings=\"{&quot;background_background&quot;:&quot;classic&quot;}\">\n\n                \n                <div class=\"elementor-container elementor-column-gap-no \">\n                <div class=\"elementor-column elementor-col-100 elementor-top-column elementor-element elementor-element-f7c593e col-offset-none pxl-column-element-default pxl-column-overflow-hidden-no\" data-id=\"f7c593e\" data-element_type=\"column\" data-e-type=\"column\">\r\n        <div class=\"elementor-widget-wrap elementor-element-populated\">\r\n                    \t\t<div class=\"elementor-element elementor-element-01b10cb pxl-swiper-arrows-true pxl-gallery-carousel-layout-1 pxl-swiper-dots-false pxl-swiper-dots-color-mode-df elementor-widget elementor-widget-pxl_gallery_carousel\" data-id=\"01b10cb\" data-element_type=\"widget\" data-e-type=\"widget\" data-settings=\"{&quot;dots_position&quot;:&quot;relative&quot;}\" data-widget_type=\"pxl_gallery_carousel.default\">\n\t\t\t\t<div class=\"elementor-widget-container\">\n\t\t\t\t\t \r\n<div class=\"pxl-swiper-slider pxl-gallery-carousel layout-1\">\r\n    <div class=\"pxl-swiper-slider-wrap pxl-carousel-inner overflow-hidden\">\r\n        <div class=\"pxl-swiper-container\" dir=\"ltr\" data-settings=\"{&quot;slide_direction&quot;:&quot;horizontal&quot;,&quot;slide_percolumn&quot;:1,&quot;slide_mode&quot;:&quot;slide&quot;,&quot;slides_to_show_xxl&quot;:2,&quot;slides_to_show&quot;:2,&quot;slides_to_show_lg&quot;:1.8000000000000000444089209850062616169452667236328125,&quot;slides_to_show_md&quot;:1.8000000000000000444089209850062616169452667236328125,&quot;slides_to_show_sm&quot;:1.8000000000000000444089209850062616169452667236328125,&quot;slides_to_show_xs&quot;:1,&quot;slides_to_scroll&quot;:1,&quot;slides_gutter&quot;:30,&quot;center_slide&quot;:&quot;true&quot;,&quot;dots_style&quot;:&quot;bullets&quot;,&quot;autoplay&quot;:true,&quot;pause_on_hover&quot;:false,&quot;pause_on_interaction&quot;:true,&quot;delay&quot;:3500,&quot;loop&quot;:true,&quot;speed&quot;:500}\">\r\n            <div class=\"pxl-swiper-wrapper swiper-wrapper\">\r\n                                    <div class=\"pxl-swiper-slide swiper-slide\">\r\n                        <div class=\"item-inner relative overflow-hidden\">\r\n                                                            <div class=\"item-image relative\">\r\n                                    <img fetchpriority=\"high\" decoding=\"async\" class=\"no-lazyload \" src=\"https:\/\/vournelis.gr\/wp-content\/uploads\/2024\/07\/hotel-vournelis-kavala-4-1400x900.jpg\" width=\"1400\" height=\"900\" alt=\"hotel-vournelis-kavala-4\" title=\"hotel-vournelis-kavala-4\" \/>                                <\/div>\r\n                                                    <\/div>\r\n                                            <\/div>\r\n                                    <div class=\"pxl-swiper-slide swiper-slide\">\r\n                        <div class=\"item-inner relative overflow-hidden\">\r\n                                                            <div class=\"item-image relative\">\r\n                                    <img decoding=\"async\" class=\"no-lazyload \" src=\"https:\/\/vournelis.gr\/wp-content\/uploads\/2024\/07\/hotel-vournelis-kavala-6-1400x900.jpg\" width=\"1400\" height=\"900\" alt=\"hotel-vournelis-kavala-6\" title=\"hotel-vournelis-kavala-6\" \/>                                <\/div>\r\n                                                    <\/div>\r\n                                            <\/div>\r\n                                    <div class=\"pxl-swiper-slide swiper-slide\">\r\n                        <div class=\"item-inner relative overflow-hidden\">\r\n                                                            <div class=\"item-image relative\">\r\n                                    <img decoding=\"async\" class=\"no-lazyload \" src=\"https:\/\/vournelis.gr\/wp-content\/uploads\/2024\/07\/hotel-vournelis-kavala-8-1400x900.jpg\" width=\"1400\" height=\"900\" alt=\"hotel-vournelis-kavala-8\" title=\"hotel-vournelis-kavala-8\" \/>                                <\/div>\r\n                                                    <\/div>\r\n                                            <\/div>\r\n                                    <div class=\"pxl-swiper-slide swiper-slide\">\r\n                        <div class=\"item-inner relative overflow-hidden\">\r\n                                                            <div class=\"item-image relative\">\r\n                                    <img loading=\"lazy\" decoding=\"async\" class=\"no-lazyload \" src=\"https:\/\/vournelis.gr\/wp-content\/uploads\/2024\/07\/hotel-vournelis-kavala-11-1400x900.jpg\" width=\"1400\" height=\"900\" alt=\"hotel-vournelis-kavala-11\" title=\"hotel-vournelis-kavala-11\" \/>                                <\/div>\r\n                                                    <\/div>\r\n                                            <\/div>\r\n                                    <div class=\"pxl-swiper-slide swiper-slide\">\r\n                        <div class=\"item-inner relative overflow-hidden\">\r\n                                                            <div class=\"item-image relative\">\r\n                                    <img loading=\"lazy\" decoding=\"async\" class=\"no-lazyload \" src=\"https:\/\/vournelis.gr\/wp-content\/uploads\/2024\/03\/hotel-vournelis-nea-iraklitsa-1400x900.jpg\" width=\"1400\" height=\"900\" alt=\"hotel-vournelis-nea-iraklitsa\" title=\"hotel-vournelis-nea-iraklitsa\" \/>                                <\/div>\r\n                                                    <\/div>\r\n                                            <\/div>\r\n                                    <div class=\"pxl-swiper-slide swiper-slide\">\r\n                        <div class=\"item-inner relative overflow-hidden\">\r\n                                                            <div class=\"item-image relative\">\r\n                                    <img loading=\"lazy\" decoding=\"async\" class=\"no-lazyload \" src=\"https:\/\/vournelis.gr\/wp-content\/uploads\/2024\/07\/hotel-vournelis-kavala-7-1400x900.jpg\" width=\"1400\" height=\"900\" alt=\"hotel-vournelis-kavala-7\" title=\"hotel-vournelis-kavala-7\" \/>                                <\/div>\r\n                                                    <\/div>\r\n                                            <\/div>\r\n                                    <div class=\"pxl-swiper-slide swiper-slide\">\r\n                        <div class=\"item-inner relative overflow-hidden\">\r\n                                                            <div class=\"item-image relative\">\r\n                                    <img loading=\"lazy\" decoding=\"async\" class=\"no-lazyload \" src=\"https:\/\/vournelis.gr\/wp-content\/uploads\/2024\/07\/hotel-vournelis-kavala-3-1400x900.jpg\" width=\"1400\" height=\"900\" alt=\"hotel-vournelis-kavala-3\" title=\"hotel-vournelis-kavala-3\" \/>                                <\/div>\r\n                                                    <\/div>\r\n                                            <\/div>\r\n                                    <div class=\"pxl-swiper-slide swiper-slide\">\r\n                        <div class=\"item-inner relative overflow-hidden\">\r\n                                                            <div class=\"item-image relative\">\r\n                                    <img loading=\"lazy\" decoding=\"async\" class=\"no-lazyload \" src=\"https:\/\/vournelis.gr\/wp-content\/uploads\/2024\/07\/hotel-vournelis-kavala-1-1400x900.jpg\" width=\"1400\" height=\"900\" alt=\"hotel-vournelis-kavala-1\" title=\"hotel-vournelis-kavala-1\" \/>                                <\/div>\r\n                                                    <\/div>\r\n                                            <\/div>\r\n                                    <div class=\"pxl-swiper-slide swiper-slide\">\r\n                        <div class=\"item-inner relative overflow-hidden\">\r\n                                                            <div class=\"item-image relative\">\r\n                                    <img loading=\"lazy\" decoding=\"async\" class=\"no-lazyload \" src=\"https:\/\/vournelis.gr\/wp-content\/uploads\/2024\/07\/hotel-vournelis-kavala-9-1400x900.jpg\" width=\"1400\" height=\"900\" alt=\"hotel-vournelis-kavala-9\" title=\"hotel-vournelis-kavala-9\" \/>                                <\/div>\r\n                                                    <\/div>\r\n                                            <\/div>\r\n                                    <div class=\"pxl-swiper-slide swiper-slide\">\r\n                        <div class=\"item-inner relative overflow-hidden\">\r\n                                                            <div class=\"item-image relative\">\r\n                                    <img loading=\"lazy\" decoding=\"async\" class=\"no-lazyload \" src=\"https:\/\/vournelis.gr\/wp-content\/uploads\/2024\/07\/hotel-vournelis-kavala-10-1400x900.jpg\" width=\"1400\" height=\"900\" alt=\"hotel-vournelis-kavala-10\" title=\"hotel-vournelis-kavala-10\" \/>                                <\/div>\r\n                                                    <\/div>\r\n                                            <\/div>\r\n                            <\/div>    \r\n        <\/div>\r\n    <\/div>\r\n            <div class=\"pxl-swiper-arrows nav-in-vertical \">\r\n            <div class=\"pxl-swiper-arrow pxl-swiper-arrow-prev\"><span class=\"pxl-icon pxli-left-arrow\"><\/span><\/div>\r\n            <div class=\"pxl-swiper-arrow pxl-swiper-arrow-next\"><span class=\"pxl-icon pxli-right-arrow\"><\/span><\/div>\r\n        <\/div>\r\n        <\/div>\r\n \r\n\t\t\t\t<\/div>\n\t\t\t\t<\/div>\n\t\t                    <\/div>\r\n        <\/div>\r\n        \t\t\t<\/div>\n\t\t<\/section>\n\t\t        <section class=\"elementor-section elementor-top-section elementor-element elementor-element-182a9df elementor-section-boxed elementor-section-height-default elementor-section-height-default pxl-section-static-pos-no pxl-section-overflow-hidden-no pxl-container-margin-auto-no\" data-id=\"182a9df\" data-element_type=\"section\" data-e-type=\"section\" data-settings=\"{&quot;background_background&quot;:&quot;classic&quot;}\">\n\n                \n                <div class=\"elementor-container elementor-column-gap-default \">\n                <div class=\"elementor-column elementor-col-100 elementor-top-column elementor-element elementor-element-bedeff4 col-offset-none pxl-column-element-default pxl-column-overflow-hidden-no\" data-id=\"bedeff4\" data-element_type=\"column\" data-e-type=\"column\">\r\n        <div class=\"elementor-widget-wrap elementor-element-populated\">\r\n                    \t\t<div class=\"elementor-element elementor-element-a623b49 nobr elementor-invisible pxl-elementor-animate elementor-widget elementor-widget-pxl_heading\" data-id=\"a623b49\" data-element_type=\"widget\" data-e-type=\"widget\" data-settings=\"{&quot;_animation&quot;:&quot;fadeInUp&quot;}\" data-widget_type=\"pxl_heading.default\">\n\t\t\t\t<div class=\"elementor-widget-container\">\n\t\t\t\t\t<div class=\"pxl-heading-wrap d-flex\">\n    <div class=\"pxl-heading-inner center \">\n                <h4 class=\"heading-title\">\n                        Kavala ist nicht nur f\u00fcr ihre historischen Sehensw\u00fcrdigkeiten bekannt, sondern auch f\u00fcr ihre reiche gastronomische Tradition.         <\/h4>\n            <\/div>\n<\/div>\n\n\t\t\t\t<\/div>\n\t\t\t\t<\/div>\n\t\t\t\t<div class=\"elementor-element elementor-element-736e1ab elementor-invisible pxl-elementor-animate elementor-widget elementor-widget-pxl_text_editor\" data-id=\"736e1ab\" data-element_type=\"widget\" data-e-type=\"widget\" data-settings=\"{&quot;_animation&quot;:&quot;fadeInUp&quot;}\" data-widget_type=\"pxl_text_editor.default\">\n\t\t\t\t<div class=\"elementor-widget-container\">\n\t\t\t\t\t<div id=\"pxl_text_editor-736e1ab-5536\" class=\"pxl-text-editor-wrap d-flex \" >\n\t<div class=\"pxl-text-editor elementor-clearfix\">\n\t\t<p>Die Besucher haben die Gelegenheit, die lokale K\u00fcche in malerischen Tavernen am Meer zu genie\u00dfen, wo frische Zutaten und traditionelle Rezepte dominieren. Ein Abendessen mit Blick auf die Wellen, w\u00e4hrend man die Meeresbrise und den Sonnenuntergang genie\u00dft, ist ein Erlebnis, das man nicht verpassen sollte.<\/p><p>Die G\u00e4ste k\u00f6nnen die sch\u00f6nen Str\u00e4nde mit ihrem kristallklaren Wasser genie\u00dfen und in einem der vielen Caf\u00e9s und Bars der Stadt entspannen. Kavala vereint Tradition mit modernem Leben und ist damit ein idealer Ort f\u00fcr alle, die ein umfassendes Urlaubserlebnis suchen, das Geschichte, Gastronomie und nat\u00fcrliche Sch\u00f6nheit umfasst.<\/p>\t\t\n\t<\/div>\n<\/div>\t\t\t\t<\/div>\n\t\t\t\t<\/div>\n\t\t                    <\/div>\r\n        <\/div>\r\n        \t\t\t<\/div>\n\t\t<\/section>\n\t\t\t\t<\/div>\n\t\t","protected":false},"excerpt":{"rendered":"<p>Sehensw\u00fcrdigkeiten und Gastronomie Entdecken Sie die Sch\u00f6nheiten von Kavala Kavala ist ein idealer Ort f\u00fcr diejenigen, die eine Mischung aus Geschichte, nat\u00fcrlicher Sch\u00f6nheit und Kultur suchen. Die Stadt, die amphitheatralisch an den H\u00e4ngen am \u00c4g\u00e4ischen Meer gebaut ist, bietet den Besuchern einzigartige Erlebnisse. Die engen Gassen, die traditionellen makedonischen Geb\u00e4ude und der Blick auf das [&hellip;]<\/p>\n","protected":false},"author":1,"featured_media":0,"parent":0,"menu_order":0,"comment_status":"closed","ping_status":"closed","template":"","meta":{"footnotes":""},"class_list":["post-29216","page","type-page","status-publish","hentry"],"_links":{"self":[{"href":"https:\/\/vournelis.gr\/de\/wp-json\/wp\/v2\/pages\/29216","targetHints":{"allow":["GET"]}}],"collection":[{"href":"https:\/\/vournelis.gr\/de\/wp-json\/wp\/v2\/pages"}],"about":[{"href":"https:\/\/vournelis.gr\/de\/wp-json\/wp\/v2\/types\/page"}],"author":[{"embeddable":true,"href":"https:\/\/vournelis.gr\/de\/wp-json\/wp\/v2\/users\/1"}],"replies":[{"embeddable":true,"href":"https:\/\/vournelis.gr\/de\/wp-json\/wp\/v2\/comments?post=29216"}],"version-history":[{"count":13,"href":"https:\/\/vournelis.gr\/de\/wp-json\/wp\/v2\/pages\/29216\/revisions"}],"predecessor-version":[{"id":30945,"href":"https:\/\/vournelis.gr\/de\/wp-json\/wp\/v2\/pages\/29216\/revisions\/30945"}],"wp:attachment":[{"href":"https:\/\/vournelis.gr\/de\/wp-json\/wp\/v2\/media?parent=29216"}],"curies":[{"name":"wp","href":"https:\/\/api.w.org\/{rel}","templated":true}]}}