{"id":29223,"date":"2024-07-25T12:12:16","date_gmt":"2024-07-25T12:12:16","guid":{"rendered":"https:\/\/vournelis.gr\/\/services\/"},"modified":"2024-07-31T16:03:34","modified_gmt":"2024-07-31T16:03:34","slug":"services","status":"publish","type":"page","link":"https:\/\/vournelis.gr\/de\/services\/","title":{"rendered":"Ausstattungen &#038; Dienstleistungen"},"content":{"rendered":"\t\t<div data-elementor-type=\"wp-page\" data-elementor-id=\"29223\" class=\"elementor elementor-29223 elementor-17913\" data-elementor-post-type=\"page\">\n\t\t\t\t<div class=\"elementor-element elementor-element-3b724dc e-grid e-con-boxed e-con e-parent\" data-id=\"3b724dc\" data-element_type=\"container\" data-e-type=\"container\">\n\t\t\t\t\t\t\t<div class=\"e-con-inner\">\n\t\t\t\t<div class=\"elementor-element elementor-element-e0e937a elementor-widget elementor-widget-pxl_list_style\" data-id=\"e0e937a\" data-element_type=\"widget\" data-e-type=\"widget\" data-widget_type=\"pxl_list_style.default\">\n\t\t\t\t<div class=\"elementor-widget-container\">\n\t\t\t\t\t    <div class=\"pxl-list-style icon d-flex-wrap flex-column\">\r\n                    <div class=\"list-item d-flex \" >\r\n                 \r\n                    <div class=\"list-icon\">\r\n                        <i aria-hidden=\"true\" class=\"pxli pxli-arrow-alt-circle-right\"><\/i>                            \r\n                    <\/div>\r\n                                                            \t<div class=\"list-content\">\r\n                                \t   <p>Restaurant<\/p>\n                    \t            <\/div>\r\n           <\/div>\r\n                    <div class=\"list-item d-flex \" >\r\n                 \r\n                    <div class=\"list-icon\">\r\n                        <i aria-hidden=\"true\" class=\"pxli pxli-arrow-alt-circle-right\"><\/i>                            \r\n                    <\/div>\r\n                                                            \t<div class=\"list-content\">\r\n                                \t   <p>Strandbar<\/p>\n                    \t            <\/div>\r\n           <\/div>\r\n                    <div class=\"list-item d-flex \" >\r\n                 \r\n                    <div class=\"list-icon\">\r\n                        <i aria-hidden=\"true\" class=\"pxli pxli-arrow-alt-circle-right\"><\/i>                            \r\n                    <\/div>\r\n                                                            \t<div class=\"list-content\">\r\n                                \t   <p>Autovermietung<\/p>\n                    \t            <\/div>\r\n           <\/div>\r\n                    <div class=\"list-item d-flex \" >\r\n                 \r\n                    <div class=\"list-icon\">\r\n                        <i aria-hidden=\"true\" class=\"pxli pxli-arrow-alt-circle-right\"><\/i>                            \r\n                    <\/div>\r\n                                                            \t<div class=\"list-content\">\r\n                                \t   <p>Rezeption 16 Stunden ge\u00f6ffnet<\/p>\n                    \t            <\/div>\r\n           <\/div>\r\n                    <div class=\"list-item d-flex \" >\r\n                 \r\n                    <div class=\"list-icon\">\r\n                        <i aria-hidden=\"true\" class=\"pxli pxli-arrow-alt-circle-right\"><\/i>                            \r\n                    <\/div>\r\n                                                            \t<div class=\"list-content\">\r\n                                \t   <p>Modernes Telefonsystem mit Zimmeranschl\u00fcssen<\/p>\n                    \t            <\/div>\r\n           <\/div>\r\n                    <div class=\"list-item d-flex \" >\r\n                 \r\n                    <div class=\"list-icon\">\r\n                        <i aria-hidden=\"true\" class=\"pxli pxli-arrow-alt-circle-right\"><\/i>                            \r\n                    <\/div>\r\n                                                            \t<div class=\"list-content\">\r\n                                \t   <p>Weckdienst<\/p>\n                    \t            <\/div>\r\n           <\/div>\r\n                    <div class=\"list-item d-flex \" >\r\n                 \r\n                    <div class=\"list-icon\">\r\n                        <i aria-hidden=\"true\" class=\"pxli pxli-arrow-alt-circle-right\"><\/i>                            \r\n                    <\/div>\r\n                                                            \t<div class=\"list-content\">\r\n                                \t   <p>Kostenloses WLAN, verf\u00fcgbar in allen \u00f6ffentlichen Bereichen und in den Zimmern<\/p>\n                    \t            <\/div>\r\n           <\/div>\r\n                    <div class=\"list-item d-flex \" >\r\n                 \r\n                    <div class=\"list-icon\">\r\n                        <i aria-hidden=\"true\" class=\"pxli pxli-arrow-alt-circle-right\"><\/i>                            \r\n                    <\/div>\r\n                                                            \t<div class=\"list-content\">\r\n                                \t   <p>Gep\u00e4cktrage-Service (auf Anfrage)<\/p>\n                    \t            <\/div>\r\n           <\/div>\r\n                    <div class=\"list-item d-flex \" >\r\n                 \r\n                    <div class=\"list-icon\">\r\n                        <i aria-hidden=\"true\" class=\"pxli pxli-arrow-alt-circle-right\"><\/i>                            \r\n                    <\/div>\r\n                                                            \t<div class=\"list-content\">\r\n                                \t   <p>Gep\u00e4ckaufbewahrung in einem separaten Bereich<\/p>\n                    \t            <\/div>\r\n           <\/div>\r\n                    <div class=\"list-item d-flex \" >\r\n                 \r\n                    <div class=\"list-icon\">\r\n                        <i aria-hidden=\"true\" class=\"pxli pxli-arrow-alt-circle-right\"><\/i>                            \r\n                    <\/div>\r\n                                                            \t<div class=\"list-content\">\r\n                                \t   <p>M\u00f6glichkeit zur Aufbewahrung kleiner Wertsachen in einem zentralen Hoteltresor<\/p>\n                    \t            <\/div>\r\n           <\/div>\r\n                    <div class=\"list-item d-flex \" >\r\n                 \r\n                    <div class=\"list-icon\">\r\n                        <i aria-hidden=\"true\" class=\"pxli pxli-arrow-alt-circle-right\"><\/i>                            \r\n                    <\/div>\r\n                                                            \t<div class=\"list-content\">\r\n                                \t   <p>K\u00fchlschrank in den Zimmern<\/p>\n                    \t            <\/div>\r\n           <\/div>\r\n            <\/div>\r\n\t\t\t\t<\/div>\n\t\t\t\t<\/div>\n\t\t\t\t<div class=\"elementor-element elementor-element-b6f25eb elementor-widget elementor-widget-pxl_list_style\" data-id=\"b6f25eb\" data-element_type=\"widget\" data-e-type=\"widget\" data-widget_type=\"pxl_list_style.default\">\n\t\t\t\t<div class=\"elementor-widget-container\">\n\t\t\t\t\t    <div class=\"pxl-list-style icon d-flex-wrap flex-column\">\r\n                    <div class=\"list-item d-flex \" >\r\n                 \r\n                    <div class=\"list-icon\">\r\n                        <i aria-hidden=\"true\" class=\"pxli pxli-arrow-alt-circle-right\"><\/i>                            \r\n                    <\/div>\r\n                                                            \t<div class=\"list-content\">\r\n                                \t   <p>Bereitstellung von Tageszeitungen und Magazinen<\/p>\n                    \t            <\/div>\r\n           <\/div>\r\n                    <div class=\"list-item d-flex \" >\r\n                 \r\n                    <div class=\"list-icon\">\r\n                        <i aria-hidden=\"true\" class=\"pxli pxli-arrow-alt-circle-right\"><\/i>                            \r\n                    <\/div>\r\n                                                            \t<div class=\"list-content\">\r\n                                \t   <p>Fr\u00fchst\u00fccksbuffet 8:00 \u2013 11:15<\/p>\n                    \t            <\/div>\r\n           <\/div>\r\n                    <div class=\"list-item d-flex \" >\r\n                 \r\n                    <div class=\"list-icon\">\r\n                        <i aria-hidden=\"true\" class=\"pxli pxli-arrow-alt-circle-right\"><\/i>                            \r\n                    <\/div>\r\n                                                            \t<div class=\"list-content\">\r\n                                \t   <p>M\u00f6glichkeit zum Fr\u00fchst\u00fcck im Zimmer<\/p>\n                    \t            <\/div>\r\n           <\/div>\r\n                    <div class=\"list-item d-flex \" >\r\n                 \r\n                    <div class=\"list-icon\">\r\n                        <i aria-hidden=\"true\" class=\"pxli pxli-arrow-alt-circle-right\"><\/i>                            \r\n                    <\/div>\r\n                                                            \t<div class=\"list-content\">\r\n                                \t   <p>Fr\u00fchst\u00fcck-Service fr\u00fch am Morgen (gegen Aufpreis)<\/p>\n                    \t            <\/div>\r\n           <\/div>\r\n                    <div class=\"list-item d-flex \" >\r\n                 \r\n                    <div class=\"list-icon\">\r\n                        <i aria-hidden=\"true\" class=\"pxli pxli-arrow-alt-circle-right\"><\/i>                            \r\n                    <\/div>\r\n                                                            \t<div class=\"list-content\">\r\n                                \t   <p>Angebot von Essen oder Fr\u00fchst\u00fcck in speziellen Verpackungen auf Wunsch<\/p>\n                    \t            <\/div>\r\n           <\/div>\r\n                    <div class=\"list-item d-flex \" >\r\n                 \r\n                    <div class=\"list-icon\">\r\n                        <i aria-hidden=\"true\" class=\"pxli pxli-arrow-alt-circle-right\"><\/i>                            \r\n                    <\/div>\r\n                                                            \t<div class=\"list-content\">\r\n                                \t   <p>Zimmerservice 10:00 \u2013 22:00<\/p>\n                    \t            <\/div>\r\n           <\/div>\r\n                    <div class=\"list-item d-flex \" >\r\n                 \r\n                    <div class=\"list-icon\">\r\n                        <i aria-hidden=\"true\" class=\"pxli pxli-arrow-alt-circle-right\"><\/i>                            \r\n                    <\/div>\r\n                                                            \t<div class=\"list-content\">\r\n                                \t   <p>Zugang f\u00fcr Menschen mit Behinderungen<\/p>\n                    \t            <\/div>\r\n           <\/div>\r\n                    <div class=\"list-item d-flex \" >\r\n                 \r\n                    <div class=\"list-icon\">\r\n                        <i aria-hidden=\"true\" class=\"pxli pxli-arrow-alt-circle-right\"><\/i>                            \r\n                    <\/div>\r\n                                                            \t<div class=\"list-content\">\r\n                                \t   <p>Privater Parkplatz<\/p>\n                    \t            <\/div>\r\n           <\/div>\r\n                    <div class=\"list-item d-flex \" >\r\n                 \r\n                    <div class=\"list-icon\">\r\n                        <i aria-hidden=\"true\" class=\"pxli pxli-arrow-alt-circle-right\"><\/i>                            \r\n                    <\/div>\r\n                                                            \t<div class=\"list-content\">\r\n                                \t   <p>Bibliothek mit B\u00fccherst\u00e4nder<\/p>\n                    \t            <\/div>\r\n           <\/div>\r\n                    <div class=\"list-item d-flex \" >\r\n                 \r\n                    <div class=\"list-icon\">\r\n                        <i aria-hidden=\"true\" class=\"pxli pxli-arrow-alt-circle-right\"><\/i>                            \r\n                    <\/div>\r\n                                                            \t<div class=\"list-content\">\r\n                                \t   <p>Bereitstellung von Strandt\u00fcchern<\/p>\n                    \t            <\/div>\r\n           <\/div>\r\n                    <div class=\"list-item d-flex \" >\r\n                 \r\n                    <div class=\"list-icon\">\r\n                        <i aria-hidden=\"true\" class=\"pxli pxli-arrow-alt-circle-right\"><\/i>                            \r\n                    <\/div>\r\n                                                            \t<div class=\"list-content\">\r\n                                \t   <p>Haartrockner<\/p>\n                    \t            <\/div>\r\n           <\/div>\r\n                    <div class=\"list-item d-flex \" >\r\n                 \r\n                    <div class=\"list-icon\">\r\n                        <i aria-hidden=\"true\" class=\"pxli pxli-arrow-alt-circle-right\"><\/i>                            \r\n                    <\/div>\r\n                                                            \t<div class=\"list-content\">\r\n                                \t   <p>W\u00e4scheservice \u2013 Reinigung, Waschen und B\u00fcgeln durch ein Partnerunternehmen mit entsprechenden Geb\u00fchren<\/p>\n                    \t            <\/div>\r\n           <\/div>\r\n            <\/div>\r\n\t\t\t\t<\/div>\n\t\t\t\t<\/div>\n\t\t\t\t<div class=\"elementor-element elementor-element-aa76e9f elementor-widget elementor-widget-pxl_list_style\" data-id=\"aa76e9f\" data-element_type=\"widget\" data-e-type=\"widget\" data-widget_type=\"pxl_list_style.default\">\n\t\t\t\t<div class=\"elementor-widget-container\">\n\t\t\t\t\t    <div class=\"pxl-list-style icon d-flex-wrap flex-column\">\r\n                    <div class=\"list-item d-flex \" >\r\n                 \r\n                    <div class=\"list-icon\">\r\n                        <i aria-hidden=\"true\" class=\"pxli pxli-arrow-alt-circle-right\"><\/i>                            \r\n                    <\/div>\r\n                                                            \t<div class=\"list-content\">\r\n                                \t   <p>Satellitenfernsehen<\/p>\n                    \t            <\/div>\r\n           <\/div>\r\n                    <div class=\"list-item d-flex \" >\r\n                 \r\n                    <div class=\"list-icon\">\r\n                        <i aria-hidden=\"true\" class=\"pxli pxli-arrow-alt-circle-right\"><\/i>                            \r\n                    <\/div>\r\n                                                            \t<div class=\"list-content\">\r\n                                \t   <p>M\u00f6glichkeit zur Auswahl verschiedener Kissenarten (anatomisch, hypoallergen)<\/p>\n                    \t            <\/div>\r\n           <\/div>\r\n                    <div class=\"list-item d-flex \" >\r\n                 \r\n                    <div class=\"list-icon\">\r\n                        <i aria-hidden=\"true\" class=\"pxli pxli-arrow-alt-circle-right\"><\/i>                            \r\n                    <\/div>\r\n                                                            \t<div class=\"list-content\">\r\n                                \t   <p>M\u00f6glichkeit zur Hinzuf\u00fcgung eines Kinderbettes<\/p>\n                    \t            <\/div>\r\n           <\/div>\r\n                    <div class=\"list-item d-flex \" >\r\n                 \r\n                    <div class=\"list-icon\">\r\n                        <i aria-hidden=\"true\" class=\"pxli pxli-arrow-alt-circle-right\"><\/i>                            \r\n                    <\/div>\r\n                                                            \t<div class=\"list-content\">\r\n                                \t   <p>T\u00e4gliche Reinigung der Zimmer und \u00f6ffentlichen Bereiche<\/p>\n                    \t            <\/div>\r\n           <\/div>\r\n                    <div class=\"list-item d-flex \" >\r\n                 \r\n                    <div class=\"list-icon\">\r\n                        <i aria-hidden=\"true\" class=\"pxli pxli-arrow-alt-circle-right\"><\/i>                            \r\n                    <\/div>\r\n                                                            \t<div class=\"list-content\">\r\n                                \t   <p>Wechsel der Badezimmerw\u00e4sche t\u00e4glich und der Bettw\u00e4sche alle zwei Tage (t\u00e4glich bei Bedarf)<\/p>\n                    \t            <\/div>\r\n           <\/div>\r\n                    <div class=\"list-item d-flex \" >\r\n                 \r\n                    <div class=\"list-icon\">\r\n                        <i aria-hidden=\"true\" class=\"pxli pxli-arrow-alt-circle-right\"><\/i>                            \r\n                    <\/div>\r\n                                                            \t<div class=\"list-content\">\r\n                                \t   <p>Zweite Reinigung (Turndown-Service) am Abend auf Anfrage, als zus\u00e4tzliche Zimmerkontrolle (Wechsel der Handt\u00fccher, Entfernung der Bett\u00fcberz\u00fcge, Leeren des M\u00fclleimers)<\/p>\n                    \t            <\/div>\r\n           <\/div>\r\n                    <div class=\"list-item d-flex \" >\r\n                 \r\n                    <div class=\"list-icon\">\r\n                        <i aria-hidden=\"true\" class=\"pxli pxli-arrow-alt-circle-right\"><\/i>                            \r\n                    <\/div>\r\n                                                            \t<div class=\"list-content\">\r\n                                \t   <p>Wechsel der Handt\u00fccher auf Anfrage<\/p>\n                    \t            <\/div>\r\n           <\/div>\r\n            <\/div>\r\n\t\t\t\t<\/div>\n\t\t\t\t<\/div>\n\t\t\t\t\t<\/div>\n\t\t\t\t<\/div>\n\t\t\t\t<\/div>\n\t\t","protected":false},"excerpt":{"rendered":"<p>Restaurant Strandbar Autovermietung Rezeption 16 Stunden ge\u00f6ffnet Modernes Telefonsystem mit Zimmeranschl\u00fcssen Weckdienst Kostenloses WLAN, verf\u00fcgbar in allen \u00f6ffentlichen Bereichen und in den Zimmern Gep\u00e4cktrage-Service (auf Anfrage) Gep\u00e4ckaufbewahrung in einem separaten Bereich M\u00f6glichkeit zur Aufbewahrung kleiner Wertsachen in einem zentralen Hoteltresor K\u00fchlschrank in den Zimmern Bereitstellung von Tageszeitungen und Magazinen Fr\u00fchst\u00fccksbuffet 8:00 \u2013 11:15 M\u00f6glichkeit zum [&hellip;]<\/p>\n","protected":false},"author":1,"featured_media":0,"parent":0,"menu_order":0,"comment_status":"closed","ping_status":"closed","template":"","meta":{"footnotes":""},"class_list":["post-29223","page","type-page","status-publish","hentry"],"_links":{"self":[{"href":"https:\/\/vournelis.gr\/de\/wp-json\/wp\/v2\/pages\/29223","targetHints":{"allow":["GET"]}}],"collection":[{"href":"https:\/\/vournelis.gr\/de\/wp-json\/wp\/v2\/pages"}],"about":[{"href":"https:\/\/vournelis.gr\/de\/wp-json\/wp\/v2\/types\/page"}],"author":[{"embeddable":true,"href":"https:\/\/vournelis.gr\/de\/wp-json\/wp\/v2\/users\/1"}],"replies":[{"embeddable":true,"href":"https:\/\/vournelis.gr\/de\/wp-json\/wp\/v2\/comments?post=29223"}],"version-history":[{"count":4,"href":"https:\/\/vournelis.gr\/de\/wp-json\/wp\/v2\/pages\/29223\/revisions"}],"predecessor-version":[{"id":29228,"href":"https:\/\/vournelis.gr\/de\/wp-json\/wp\/v2\/pages\/29223\/revisions\/29228"}],"wp:attachment":[{"href":"https:\/\/vournelis.gr\/de\/wp-json\/wp\/v2\/media?parent=29223"}],"curies":[{"name":"wp","href":"https:\/\/api.w.org\/{rel}","templated":true}]}}