{"id":29230,"date":"2024-07-12T11:44:57","date_gmt":"2024-07-12T11:44:57","guid":{"rendered":"https:\/\/vournelis.gr\/\/pool-beach\/"},"modified":"2026-02-02T21:50:25","modified_gmt":"2026-02-02T21:50:25","slug":"pool-beach","status":"publish","type":"page","link":"https:\/\/vournelis.gr\/de\/pool-beach\/","title":{"rendered":"Pool &#038; Strand"},"content":{"rendered":"\t\t<div data-elementor-type=\"wp-page\" data-elementor-id=\"29230\" class=\"elementor elementor-29230 elementor-17551\" data-elementor-post-type=\"page\">\n\t\t\t\t        <section class=\"elementor-section elementor-top-section elementor-element elementor-element-5df3c81 elementor-section-boxed elementor-section-height-default elementor-section-height-default pxl-section-static-pos-no pxl-section-overflow-hidden-no pxl-container-margin-auto-no\" data-id=\"5df3c81\" data-element_type=\"section\" data-e-type=\"section\" data-settings=\"{&quot;background_background&quot;:&quot;classic&quot;}\">\n\n                \n                <div class=\"elementor-container elementor-column-gap-default \">\n                <div class=\"elementor-column elementor-col-100 elementor-top-column elementor-element elementor-element-6944bca col-offset-none pxl-column-element-default pxl-column-overflow-hidden-no\" data-id=\"6944bca\" data-element_type=\"column\" data-e-type=\"column\">\r\n        <div class=\"elementor-widget-wrap elementor-element-populated\">\r\n                    \t\t<div class=\"elementor-element elementor-element-3776600 elementor-invisible pxl-elementor-animate elementor-widget elementor-widget-pxl_heading\" data-id=\"3776600\" data-element_type=\"widget\" data-e-type=\"widget\" data-settings=\"{&quot;_animation&quot;:&quot;fadeInDown&quot;}\" data-widget_type=\"pxl_heading.default\">\n\t\t\t\t<div class=\"elementor-widget-container\">\n\t\t\t\t\t<div class=\"pxl-heading-wrap d-flex\">\n    <div class=\"pxl-heading-inner center \">\n                    <div class=\"heading-subtitle divider-both\">\n                <div class=\"subtitle-text \">Entspannung und Erneuerung<\/div>\n            <\/div>\n                <h2 class=\"heading-title\">\n                        Tauchen Sie ein in den Sommergenuss         <\/h2>\n            <\/div>\n<\/div>\n\n\t\t\t\t<\/div>\n\t\t\t\t<\/div>\n\t\t\t\t<div class=\"elementor-element elementor-element-a5821ff elementor-invisible pxl-elementor-animate elementor-widget elementor-widget-pxl_heading\" data-id=\"a5821ff\" data-element_type=\"widget\" data-e-type=\"widget\" data-settings=\"{&quot;_animation&quot;:&quot;fadeInUp&quot;}\" data-widget_type=\"pxl_heading.default\">\n\t\t\t\t<div class=\"elementor-widget-container\">\n\t\t\t\t\t<div class=\"pxl-heading-wrap d-flex\">\n    <div class=\"pxl-heading-inner center \">\n                <h4 class=\"heading-title\">\n                        Der Anziehungspunkt des Vournelis Beach Hotel &amp; Spa ist der bezaubernde, mit der Blauen Flagge ausgezeichnete Sandstrand, der sich entlang des gesamten Hotels erstreckt. Der sanfte Boden, das kristallklare Wasser und die Aussicht auf die beiden Felseninseln \u201eFidonissi\u201c und \u201eArethousa\u201c schaffen einen idealen Ort zur Entspannung.         <\/h4>\n            <\/div>\n<\/div>\n\n\t\t\t\t<\/div>\n\t\t\t\t<\/div>\n\t\t\t\t<div class=\"elementor-element elementor-element-153a3f0 elementor-invisible pxl-elementor-animate elementor-widget elementor-widget-pxl_text_editor\" data-id=\"153a3f0\" data-element_type=\"widget\" data-e-type=\"widget\" data-settings=\"{&quot;_animation&quot;:&quot;fadeInUp&quot;}\" data-widget_type=\"pxl_text_editor.default\">\n\t\t\t\t<div class=\"elementor-widget-container\">\n\t\t\t\t\t<div id=\"pxl_text_editor-153a3f0-9972\" class=\"pxl-text-editor-wrap d-flex \" >\n\t<div class=\"pxl-text-editor elementor-clearfix\">\n\t\t<p>Direkt am Sandstrand befindet sich auch die Beachbar unseres Hotels \u2013 der perfekte Ort, um Ihren Kaffee zu genie\u00dfen, sich tags\u00fcber mit einem Cocktail zu erfrischen und die Sonne zu genie\u00dfen. Hier k\u00f6nnen Sie auch einen frischen Salat oder ein k\u00f6stliches Sandwich probieren. Leichte Mahlzeiten und Snacks werden unter Ihrer Sonnenschirm, auf einem Daybed oder unter der Strandpergola serviert.<\/p><p>Am Strand stehen Ihnen au\u00dferdem Mietliegen, Sonnenschirme und Liegest\u00fchle zur Verf\u00fcgung. Es gibt eine Pergola mit Tischen f\u00fcr Ihre Mahlzeiten, Tischtennis und einen Kinderspielplatz.<\/p>\t\t\n\t<\/div>\n<\/div>\t\t\t\t<\/div>\n\t\t\t\t<\/div>\n\t\t                    <\/div>\r\n        <\/div>\r\n        \t\t\t<\/div>\n\t\t<\/section>\n\t\t        <section class=\"elementor-section elementor-top-section elementor-element elementor-element-e44902e elementor-section-full_width elementor-section-height-default elementor-section-height-default pxl-section-offset-none pxl-section-static-pos-no pxl-section-overflow-hidden-no pxl-container-margin-auto-no\" data-id=\"e44902e\" data-element_type=\"section\" data-e-type=\"section\" data-settings=\"{&quot;background_background&quot;:&quot;classic&quot;}\">\n\n                \n                <div class=\"elementor-container elementor-column-gap-no \">\n                <div class=\"elementor-column elementor-col-100 elementor-top-column elementor-element elementor-element-0f25c7d col-offset-none pxl-column-element-default pxl-column-overflow-hidden-no\" data-id=\"0f25c7d\" data-element_type=\"column\" data-e-type=\"column\">\r\n        <div class=\"elementor-widget-wrap elementor-element-populated\">\r\n                    \t\t<div class=\"elementor-element elementor-element-81c8e82 pxl-swiper-arrows-true spa-gallery pxl-gallery-carousel-layout-1 pxl-swiper-dots-false pxl-swiper-dots-color-mode-df elementor-widget elementor-widget-pxl_gallery_carousel\" data-id=\"81c8e82\" data-element_type=\"widget\" data-e-type=\"widget\" data-settings=\"{&quot;dots_position&quot;:&quot;relative&quot;}\" data-widget_type=\"pxl_gallery_carousel.default\">\n\t\t\t\t<div class=\"elementor-widget-container\">\n\t\t\t\t\t \r\n<div class=\"pxl-swiper-slider pxl-gallery-carousel layout-1\">\r\n    <div class=\"pxl-swiper-slider-wrap pxl-carousel-inner overflow-hidden\">\r\n        <div class=\"pxl-swiper-container\" dir=\"ltr\" data-settings=\"{&quot;slide_direction&quot;:&quot;horizontal&quot;,&quot;slide_percolumn&quot;:1,&quot;slide_mode&quot;:&quot;slide&quot;,&quot;slides_to_show_xxl&quot;:2,&quot;slides_to_show&quot;:2,&quot;slides_to_show_lg&quot;:1.8000000000000000444089209850062616169452667236328125,&quot;slides_to_show_md&quot;:1.8000000000000000444089209850062616169452667236328125,&quot;slides_to_show_sm&quot;:1.8000000000000000444089209850062616169452667236328125,&quot;slides_to_show_xs&quot;:1,&quot;slides_to_scroll&quot;:1,&quot;slides_gutter&quot;:30,&quot;center_slide&quot;:&quot;true&quot;,&quot;dots_style&quot;:&quot;bullets&quot;,&quot;autoplay&quot;:true,&quot;pause_on_hover&quot;:false,&quot;pause_on_interaction&quot;:true,&quot;delay&quot;:3500,&quot;loop&quot;:true,&quot;speed&quot;:500}\">\r\n            <div class=\"pxl-swiper-wrapper swiper-wrapper\">\r\n                                    <div class=\"pxl-swiper-slide swiper-slide\">\r\n                        <div class=\"item-inner relative overflow-hidden\">\r\n                                                            <div class=\"item-image relative\">\r\n                                    <img fetchpriority=\"high\" decoding=\"async\" width=\"1615\" height=\"900\" src=\"https:\/\/vournelis.gr\/wp-content\/uploads\/2024\/07\/hotel-vournelis-beach-bar.jpg\" class=\"no-lazyload attachment-full\" alt=\"\" \/>                                <\/div>\r\n                                                    <\/div>\r\n                                            <\/div>\r\n                                    <div class=\"pxl-swiper-slide swiper-slide\">\r\n                        <div class=\"item-inner relative overflow-hidden\">\r\n                                                            <div class=\"item-image relative\">\r\n                                    <img decoding=\"async\" width=\"1900\" height=\"1425\" src=\"https:\/\/vournelis.gr\/wp-content\/uploads\/2025\/07\/vournelis-beach.jpg\" class=\"no-lazyload attachment-full\" alt=\"\" \/>                                <\/div>\r\n                                                    <\/div>\r\n                                            <\/div>\r\n                                    <div class=\"pxl-swiper-slide swiper-slide\">\r\n                        <div class=\"item-inner relative overflow-hidden\">\r\n                                                            <div class=\"item-image relative\">\r\n                                    <img decoding=\"async\" width=\"2048\" height=\"1365\" src=\"https:\/\/vournelis.gr\/wp-content\/uploads\/2024\/07\/hotel-vournelis-beach-front-suite-1st-floor-5.jpg\" class=\"no-lazyload attachment-full\" alt=\"\" \/>                                <\/div>\r\n                                                    <\/div>\r\n                                            <\/div>\r\n                                    <div class=\"pxl-swiper-slide swiper-slide\">\r\n                        <div class=\"item-inner relative overflow-hidden\">\r\n                                                            <div class=\"item-image relative\">\r\n                                    <img loading=\"lazy\" decoding=\"async\" width=\"1900\" height=\"1264\" src=\"https:\/\/vournelis.gr\/wp-content\/uploads\/2024\/07\/hotel-vournelis-standard-double-room-1.jpg\" class=\"no-lazyload attachment-full\" alt=\"\" \/>                                <\/div>\r\n                                                    <\/div>\r\n                                            <\/div>\r\n                                    <div class=\"pxl-swiper-slide swiper-slide\">\r\n                        <div class=\"item-inner relative overflow-hidden\">\r\n                                                            <div class=\"item-image relative\">\r\n                                    <img loading=\"lazy\" decoding=\"async\" width=\"1900\" height=\"1267\" src=\"https:\/\/vournelis.gr\/wp-content\/uploads\/2024\/03\/hotel-vournelis-nea-iraklitsa.jpg\" class=\"no-lazyload attachment-full\" alt=\"\" \/>                                <\/div>\r\n                                                    <\/div>\r\n                                            <\/div>\r\n                                    <div class=\"pxl-swiper-slide swiper-slide\">\r\n                        <div class=\"item-inner relative overflow-hidden\">\r\n                                                            <div class=\"item-image relative\">\r\n                                    <img loading=\"lazy\" decoding=\"async\" width=\"2000\" height=\"1126\" src=\"https:\/\/vournelis.gr\/wp-content\/uploads\/2024\/07\/hotel-vournelis-pool.jpg\" class=\"no-lazyload attachment-full\" alt=\"\" \/>                                <\/div>\r\n                                                    <\/div>\r\n                                            <\/div>\r\n                                    <div class=\"pxl-swiper-slide swiper-slide\">\r\n                        <div class=\"item-inner relative overflow-hidden\">\r\n                                                            <div class=\"item-image relative\">\r\n                                    <img loading=\"lazy\" decoding=\"async\" width=\"1900\" height=\"1267\" src=\"https:\/\/vournelis.gr\/wp-content\/uploads\/2024\/06\/hotel-vournelis-pool-1.jpg\" class=\"no-lazyload attachment-full\" alt=\"\" \/>                                <\/div>\r\n                                                    <\/div>\r\n                                            <\/div>\r\n                                    <div class=\"pxl-swiper-slide swiper-slide\">\r\n                        <div class=\"item-inner relative overflow-hidden\">\r\n                                                            <div class=\"item-image relative\">\r\n                                    <img loading=\"lazy\" decoding=\"async\" width=\"1707\" height=\"2560\" src=\"https:\/\/vournelis.gr\/wp-content\/uploads\/2024\/06\/hotel-vournelis-pool-4-scaled.jpg\" class=\"no-lazyload attachment-full\" alt=\"\" \/>                                <\/div>\r\n                                                    <\/div>\r\n                                            <\/div>\r\n                                    <div class=\"pxl-swiper-slide swiper-slide\">\r\n                        <div class=\"item-inner relative overflow-hidden\">\r\n                                                            <div class=\"item-image relative\">\r\n                                    <img loading=\"lazy\" decoding=\"async\" width=\"1900\" height=\"1267\" src=\"https:\/\/vournelis.gr\/wp-content\/uploads\/2024\/06\/hotel-vournelis-pool-2.jpg\" class=\"no-lazyload attachment-full\" alt=\"\" \/>                                <\/div>\r\n                                                    <\/div>\r\n                                            <\/div>\r\n                                    <div class=\"pxl-swiper-slide swiper-slide\">\r\n                        <div class=\"item-inner relative overflow-hidden\">\r\n                                                            <div class=\"item-image relative\">\r\n                                    <img loading=\"lazy\" decoding=\"async\" width=\"1707\" height=\"2560\" src=\"https:\/\/vournelis.gr\/wp-content\/uploads\/2024\/06\/hotel-vournelis-pool-3-scaled.jpg\" class=\"no-lazyload attachment-full\" alt=\"\" \/>                                <\/div>\r\n                                                    <\/div>\r\n                                            <\/div>\r\n                                    <div class=\"pxl-swiper-slide swiper-slide\">\r\n                        <div class=\"item-inner relative overflow-hidden\">\r\n                                                            <div class=\"item-image relative\">\r\n                                    <img loading=\"lazy\" decoding=\"async\" width=\"1900\" height=\"1267\" src=\"https:\/\/vournelis.gr\/wp-content\/uploads\/2024\/06\/hotel-vournelis-pool-5.jpg\" class=\"no-lazyload attachment-full\" alt=\"\" \/>                                <\/div>\r\n                                                    <\/div>\r\n                                            <\/div>\r\n                                    <div class=\"pxl-swiper-slide swiper-slide\">\r\n                        <div class=\"item-inner relative overflow-hidden\">\r\n                                                            <div class=\"item-image relative\">\r\n                                    <img loading=\"lazy\" decoding=\"async\" width=\"1425\" height=\"1300\" src=\"https:\/\/vournelis.gr\/wp-content\/uploads\/2024\/08\/hotel-vournelis-beach-bar-fresh-fruits-e1765281051662.jpg\" class=\"no-lazyload attachment-full\" alt=\"\" \/>                                <\/div>\r\n                                                    <\/div>\r\n                                            <\/div>\r\n                                    <div class=\"pxl-swiper-slide swiper-slide\">\r\n                        <div class=\"item-inner relative overflow-hidden\">\r\n                                                            <div class=\"item-image relative\">\r\n                                    <img loading=\"lazy\" decoding=\"async\" width=\"1179\" height=\"1400\" src=\"https:\/\/vournelis.gr\/wp-content\/uploads\/2025\/12\/pool-and-beach-e1765280939591.jpg\" class=\"no-lazyload attachment-full\" alt=\"\" \/>                                <\/div>\r\n                                                    <\/div>\r\n                                            <\/div>\r\n                                    <div class=\"pxl-swiper-slide swiper-slide\">\r\n                        <div class=\"item-inner relative overflow-hidden\">\r\n                                                            <div class=\"item-image relative\">\r\n                                    <img loading=\"lazy\" decoding=\"async\" width=\"1174\" height=\"1400\" src=\"https:\/\/vournelis.gr\/wp-content\/uploads\/2025\/12\/pool-and-beach-1-e1765280859951.jpg\" class=\"no-lazyload attachment-full\" alt=\"\" \/>                                <\/div>\r\n                                                    <\/div>\r\n                                            <\/div>\r\n                                    <div class=\"pxl-swiper-slide swiper-slide\">\r\n                        <div class=\"item-inner relative overflow-hidden\">\r\n                                                            <div class=\"item-image relative\">\r\n                                    <img loading=\"lazy\" decoding=\"async\" width=\"1179\" height=\"1400\" src=\"https:\/\/vournelis.gr\/wp-content\/uploads\/2025\/12\/pool-and-beach-2-e1765280801137.jpg\" class=\"no-lazyload attachment-full\" alt=\"\" \/>                                <\/div>\r\n                                                    <\/div>\r\n                                            <\/div>\r\n                            <\/div>    \r\n        <\/div>\r\n    <\/div>\r\n            <div class=\"pxl-swiper-arrows nav-in-vertical \">\r\n            <div class=\"pxl-swiper-arrow pxl-swiper-arrow-prev\"><span class=\"pxl-icon pxli-left-arrow\"><\/span><\/div>\r\n            <div class=\"pxl-swiper-arrow pxl-swiper-arrow-next\"><span class=\"pxl-icon pxli-right-arrow\"><\/span><\/div>\r\n        <\/div>\r\n        <\/div>\r\n \r\n\t\t\t\t<\/div>\n\t\t\t\t<\/div>\n\t\t                    <\/div>\r\n        <\/div>\r\n        \t\t\t<\/div>\n\t\t<\/section>\n\t\t        <section class=\"elementor-section elementor-top-section elementor-element elementor-element-dc6a530 elementor-section-boxed elementor-section-height-default elementor-section-height-default pxl-section-static-pos-no pxl-section-overflow-hidden-no pxl-container-margin-auto-no\" data-id=\"dc6a530\" data-element_type=\"section\" data-e-type=\"section\" data-settings=\"{&quot;background_background&quot;:&quot;classic&quot;}\">\n\n                \n                <div class=\"elementor-container elementor-column-gap-default \">\n                <div class=\"elementor-column elementor-col-100 elementor-top-column elementor-element elementor-element-f4129bb col-offset-none pxl-column-element-default pxl-column-overflow-hidden-no\" data-id=\"f4129bb\" data-element_type=\"column\" data-e-type=\"column\">\r\n        <div class=\"elementor-widget-wrap elementor-element-populated\">\r\n                    \t\t<div class=\"elementor-element elementor-element-af04510 nobr elementor-invisible pxl-elementor-animate elementor-widget elementor-widget-pxl_heading\" data-id=\"af04510\" data-element_type=\"widget\" data-e-type=\"widget\" data-settings=\"{&quot;_animation&quot;:&quot;fadeInUp&quot;}\" data-widget_type=\"pxl_heading.default\">\n\t\t\t\t<div class=\"elementor-widget-container\">\n\t\t\t\t\t<div class=\"pxl-heading-wrap d-flex\">\n    <div class=\"pxl-heading-inner center \">\n                <h4 class=\"heading-title\">\n                        Der neu gestaltete Pool des Vournelis Beach Hotel &amp; Spa bietet ein ebenso entspannendes Erlebnis.         <\/h4>\n            <\/div>\n<\/div>\n\n\t\t\t\t<\/div>\n\t\t\t\t<\/div>\n\t\t\t\t<div class=\"elementor-element elementor-element-3d540aa elementor-invisible pxl-elementor-animate elementor-widget elementor-widget-pxl_text_editor\" data-id=\"3d540aa\" data-element_type=\"widget\" data-e-type=\"widget\" data-settings=\"{&quot;_animation&quot;:&quot;fadeInUp&quot;}\" data-widget_type=\"pxl_text_editor.default\">\n\t\t\t\t<div class=\"elementor-widget-container\">\n\t\t\t\t\t<div id=\"pxl_text_editor-3d540aa-6060\" class=\"pxl-text-editor-wrap d-flex \" >\n\t<div class=\"pxl-text-editor elementor-clearfix\">\n\t\t<p>Der neu gestaltete Pool des Vournelis Beach Hotel &amp; Spa bietet eine ebenso entspannende Erfahrung. Mit kristallklarem Wasser und komfortablen Liegen ist es der ideale Ort, um sich zu erfrischen und die Sonne in einer eleganten und ruhigen Umgebung zu genie\u00dfen. Unsere Beachbar serviert zudem erfrischende Getr\u00e4nke und leichte Snacks den ganzen Tag \u00fcber, um Ihnen ein belebendes Erlebnis am Pool zu bieten.<\/p><p>F\u00fcr Liebhaber von Meer und Pool ist das Vournelis Beach Hotel &amp; Spa in Kavala die ideale Wahl. Besuchen Sie uns und genie\u00dfen Sie magische Momente am Strand und am Pool unseres Hotels.<\/p>\t\t\n\t<\/div>\n<\/div>\t\t\t\t<\/div>\n\t\t\t\t<\/div>\n\t\t                    <\/div>\r\n        <\/div>\r\n        \t\t\t<\/div>\n\t\t<\/section>\n\t\t\t\t<\/div>\n\t\t","protected":false},"excerpt":{"rendered":"<p>Entspannung und Erneuerung Tauchen Sie ein in den Sommergenuss Der Anziehungspunkt des Vournelis Beach Hotel &amp; Spa ist der bezaubernde, mit der Blauen Flagge ausgezeichnete Sandstrand, der sich entlang des gesamten Hotels erstreckt. Der sanfte Boden, das kristallklare Wasser und die Aussicht auf die beiden Felseninseln \u201eFidonissi\u201c und \u201eArethousa\u201c schaffen einen idealen Ort zur Entspannung. [&hellip;]<\/p>\n","protected":false},"author":1,"featured_media":0,"parent":0,"menu_order":0,"comment_status":"closed","ping_status":"closed","template":"","meta":{"footnotes":""},"class_list":["post-29230","page","type-page","status-publish","hentry"],"_links":{"self":[{"href":"https:\/\/vournelis.gr\/de\/wp-json\/wp\/v2\/pages\/29230","targetHints":{"allow":["GET"]}}],"collection":[{"href":"https:\/\/vournelis.gr\/de\/wp-json\/wp\/v2\/pages"}],"about":[{"href":"https:\/\/vournelis.gr\/de\/wp-json\/wp\/v2\/types\/page"}],"author":[{"embeddable":true,"href":"https:\/\/vournelis.gr\/de\/wp-json\/wp\/v2\/users\/1"}],"replies":[{"embeddable":true,"href":"https:\/\/vournelis.gr\/de\/wp-json\/wp\/v2\/comments?post=29230"}],"version-history":[{"count":31,"href":"https:\/\/vournelis.gr\/de\/wp-json\/wp\/v2\/pages\/29230\/revisions"}],"predecessor-version":[{"id":30948,"href":"https:\/\/vournelis.gr\/de\/wp-json\/wp\/v2\/pages\/29230\/revisions\/30948"}],"wp:attachment":[{"href":"https:\/\/vournelis.gr\/de\/wp-json\/wp\/v2\/media?parent=29230"}],"curies":[{"name":"wp","href":"https:\/\/api.w.org\/{rel}","templated":true}]}}